{"id":3964,"date":"2020-08-20T18:21:25","date_gmt":"2020-08-20T16:21:25","guid":{"rendered":"https:\/\/moneycare.ch\/entreprise\/"},"modified":"2024-09-30T13:26:26","modified_gmt":"2024-09-30T11:26:26","slug":"entreprise","status":"publish","type":"page","link":"https:\/\/moneycare.ch\/fr\/entreprise\/","title":{"rendered":"Entreprise"},"content":{"rendered":"<div class=\"fusion-fullwidth fullwidth-box fusion-builder-row-1 fusion-flex-container has-pattern-background has-mask-background nonhundred-percent-fullwidth non-hundred-percent-height-scrolling\" style=\"--awb-border-radius-top-left:0px;--awb-border-radius-top-right:0px;--awb-border-radius-bottom-right:0px;--awb-border-radius-bottom-left:0px;--awb-padding-top:30px;--awb-padding-bottom:10px;--awb-padding-top-medium:12px;--awb-padding-bottom-medium:24px;--awb-padding-top-small:0px;--awb-padding-bottom-small:0px;--awb-flex-wrap:wrap;\" ><div class=\"fusion-builder-row fusion-row fusion-flex-align-items-stretch fusion-flex-justify-content-center fusion-flex-content-wrap\" style=\"max-width:1331.2px;margin-left: calc(-4% \/ 2 );margin-right: calc(-4% \/ 2 );\"><div class=\"fusion-layout-column fusion_builder_column fusion-builder-column-0 fusion_builder_column_1_1 1_1 fusion-flex-column\" style=\"--awb-padding-top:0px;--awb-padding-right:20px;--awb-padding-bottom:0px;--awb-padding-left:20px;--awb-padding-top-medium:0px;--awb-padding-right-medium:20px;--awb-padding-bottom-medium:0px;--awb-padding-left-medium:20px;--awb-padding-top-small:20px;--awb-padding-right-small:20px;--awb-padding-bottom-small:0px;--awb-padding-left-small:20px;--awb-bg-color:rgba(255,255,255,0);--awb-bg-color-hover:rgba(255,255,255,0);--awb-bg-size:cover;--awb-border-color:hsla(var(--awb-color1-h),var(--awb-color1-s),calc( var(--awb-color1-l) - 100% ),calc( var(--awb-color1-a) - 95% ));--awb-border-style:solid;--awb-width-large:100%;--awb-margin-top-large:0px;--awb-spacing-right-large:1.92%;--awb-margin-bottom-large:0px;--awb-spacing-left-large:1.92%;--awb-width-medium:100%;--awb-order-medium:0;--awb-margin-top-medium:0;--awb-spacing-right-medium:1.92%;--awb-margin-bottom-medium:0;--awb-spacing-left-medium:1.92%;--awb-width-small:100%;--awb-order-small:0;--awb-margin-top-small:0px;--awb-spacing-right-small:1.92%;--awb-spacing-left-small:1.92%;\" data-scroll-devices=\"small-visibility,medium-visibility,large-visibility\"><div class=\"fusion-column-wrapper fusion-column-has-shadow fusion-flex-justify-content-flex-start fusion-content-layout-column\"><div class=\"fusion-title title fusion-title-1 fusion-sep-none fusion-title-center fusion-title-text fusion-title-size-two\" style=\"--awb-margin-top-small:10px;--awb-margin-right-small:0px;--awb-margin-bottom-small:0px;--awb-margin-left-small:0px;--awb-margin-bottom-medium:0px;\"><h2 class=\"fusion-title-heading title-heading-center fusion-responsive-typography-calculated\" style=\"margin:0;--fontSize:48;line-height:1.2;\"><p class=\"title-heading-left fusion-responsive-typography-calculated\" style=\"text-align: center;\">Une marque, deux entreprises, trois services;<\/p><\/h2><\/div><div class=\"fusion-text fusion-text-1 fusion-no-small-visibility fusion-no-large-visibility\" style=\"--awb-text-color:var(--awb-custom_color_10);--awb-margin-top:30px;\"><p style=\"text-align: justify;\"><span style=\"color: #00ada4;\"><strong>moneycare AG:<\/strong><\/span> De l\u2019organisation \u00e0 la r\u00e9cup\u00e9ration de TVA en passant par le traitement du d\u00e9douanement des v\u00e9hicules ou, si n\u00e9cessaire, \u00e9galement par l\u2019enregistrement de la TVA, moneycare AG vous propose un service complet pour les questions relatives aux v\u00e9hicules d\u2019entreprise de frontaliers, et ce. pour l\u2019ensemble du processus.<\/p>\n<\/div><\/div><\/div><div class=\"fusion-layout-column fusion_builder_column fusion-builder-column-1 fusion_builder_column_3_5 3_5 fusion-flex-column\" style=\"--awb-padding-top:0px;--awb-padding-right:20px;--awb-padding-bottom:0px;--awb-padding-left:20px;--awb-padding-top-medium:20px;--awb-padding-right-medium:20px;--awb-padding-bottom-medium:0px;--awb-padding-left-medium:20px;--awb-padding-top-small:20px;--awb-padding-right-small:20px;--awb-padding-bottom-small:0px;--awb-padding-left-small:20px;--awb-bg-color:rgba(255,255,255,0);--awb-bg-color-hover:rgba(255,255,255,0);--awb-bg-size:cover;--awb-border-color:hsla(var(--awb-color1-h),var(--awb-color1-s),calc( var(--awb-color1-l) - 100% ),calc( var(--awb-color1-a) - 95% ));--awb-border-style:solid;--awb-width-large:60%;--awb-margin-top-large:20px;--awb-spacing-right-large:3.2%;--awb-margin-bottom-large:0px;--awb-spacing-left-large:3.2%;--awb-width-medium:60%;--awb-order-medium:0;--awb-margin-top-medium:0;--awb-spacing-right-medium:3.2%;--awb-margin-bottom-medium:0;--awb-spacing-left-medium:3.2%;--awb-width-small:100%;--awb-order-small:0;--awb-margin-top-small:0px;--awb-spacing-right-small:1.92%;--awb-spacing-left-small:1.92%;\" data-scroll-devices=\"small-visibility,medium-visibility,large-visibility\"><div class=\"fusion-column-wrapper fusion-column-has-shadow fusion-flex-justify-content-flex-start fusion-content-layout-column\"><div class=\"fusion-text fusion-text-2 fusion-no-medium-visibility\" style=\"--awb-text-color:var(--awb-custom_color_10);\"><p style=\"text-align: justify;\"><span style=\"color: #00ada4;\"><strong>moneycare AG:<\/strong><\/span> De l&rsquo;organisation du d\u00e9douanement des v\u00e9hicules au remboursement de la TVA (voir les informations concernant les diff\u00e9rents pays sous <a href=\"https:\/\/moneycare.ch\/fr\/services\/dedouanement-des-vehicules-et-tva\/faqs\/\">FAQS<\/a>) ou, si n\u00e9cessaire, \u00e0 l&rsquo;enregistrement de la TVA, en passant par le r\u00e8glement, moneycare AG peut vous proposer un service complet pour les questions relatives aux v\u00e9hicules d&rsquo;entreprise des frontaliers pour l&rsquo;ensemble du processus.<\/p>\n<p style=\"text-align: justify;\"><span style=\"color: #00ada4;\"><strong>moneycare VAT reclaim AG:<\/strong><\/span> La soci\u00e9t\u00e9 s\u0153ur sp\u00e9cialis\u00e9e moneycare VAT reclaim AG a \u00e9t\u00e9 fond\u00e9e en 2024 et s\u2019occupe de la r\u00e9cup\u00e9ration de la TVA \u00e9trang\u00e8re et de l&rsquo;enregistrement de la TVA dans le cadre de prestations de services dans toute l&rsquo;Europe.<\/p>\n<\/div><div class=\"fusion-text fusion-text-3 fusion-no-small-visibility fusion-no-large-visibility\" style=\"--awb-text-color:var(--awb-custom_color_10);\"><p style=\"text-align: justify;\"><span style=\"color: #00ada4;\"><strong>moneycare VAT reclaim AG:<\/strong><\/span> La soci\u00e9t\u00e9 s\u0153ur sp\u00e9cialis\u00e9e moneycare VAT reclaim AG a \u00e9t\u00e9 fond\u00e9e en 2024 et se concentre sur la r\u00e9cup\u00e9ration de la TVA \u00e9trang\u00e8re et sur l&rsquo;enregistrement de la TVA en relation avec des services dans toute l&rsquo;Europe.<\/p>\n<\/div><\/div><\/div><div class=\"fusion-layout-column fusion_builder_column fusion-builder-column-2 fusion_builder_column_2_5 2_5 fusion-flex-column fusion-flex-align-self-center\" style=\"--awb-padding-top:0px;--awb-padding-right:20px;--awb-padding-bottom:20px;--awb-padding-left:20px;--awb-padding-top-medium:0px;--awb-padding-bottom-medium:0px;--awb-padding-top-small:20px;--awb-padding-bottom-small:20px;--awb-bg-size:cover;--awb-width-large:40%;--awb-margin-top-large:20px;--awb-spacing-right-large:4.8%;--awb-margin-bottom-large:0px;--awb-spacing-left-large:0px;--awb-width-medium:40%;--awb-order-medium:0;--awb-margin-top-medium:0;--awb-spacing-right-medium:4.8%;--awb-margin-bottom-medium:0;--awb-spacing-left-medium:0px;--awb-width-small:100%;--awb-order-small:0;--awb-margin-top-small:0px;--awb-spacing-right-small:1.92%;--awb-spacing-left-small:1.92%;\" data-scroll-devices=\"small-visibility,medium-visibility,large-visibility\"><div class=\"fusion-column-wrapper fusion-column-has-shadow fusion-flex-justify-content-center fusion-content-layout-column\"><div class=\"fusion-image-element fusion-no-small-visibility fusion-no-medium-visibility\" style=\"text-align:center;--awb-aspect-ratio:16 \/ 9;--awb-object-position:45% 52%;--awb-margin-top:0px;--awb-margin-bottom-medium:0px;--awb-max-width:470px;--awb-caption-title-font-family:var(--h2_typography-font-family);--awb-caption-title-font-weight:var(--h2_typography-font-weight);--awb-caption-title-font-style:var(--h2_typography-font-style);--awb-caption-title-size:var(--h2_typography-font-size);--awb-caption-title-transform:var(--h2_typography-text-transform);--awb-caption-title-line-height:var(--h2_typography-line-height);--awb-caption-title-letter-spacing:var(--h2_typography-letter-spacing);\"><div style=\"display:inline-block;width:470px;\"><span class=\" fusion-imageframe imageframe-none imageframe-1 hover-type-none has-aspect-ratio\" style=\"border-radius:12px;\"><img decoding=\"async\" width=\"1471\" height=\"980\" title=\"Kleines Bild Unternehmen\" src=\"https:\/\/moneycare.ch\/wp-content\/uploads\/2023\/08\/Kleines-Bild-Unternehmen.png\" data-orig-src=\"https:\/\/moneycare.ch\/wp-content\/uploads\/2023\/08\/Kleines-Bild-Unternehmen.png\" class=\"lazyload img-responsive wp-image-3945 img-with-aspect-ratio\" data-parent-fit=\"cover\" data-parent-container=\".fusion-image-element\" alt srcset=\"data:image\/svg+xml,%3Csvg%20xmlns%3D%27http%3A%2F%2Fwww.w3.org%2F2000%2Fsvg%27%20width%3D%271471%27%20height%3D%27980%27%20viewBox%3D%270%200%201471%20980%27%3E%3Crect%20width%3D%271471%27%20height%3D%27980%27%20fill-opacity%3D%220%22%2F%3E%3C%2Fsvg%3E\" data-srcset=\"https:\/\/moneycare.ch\/wp-content\/uploads\/2023\/08\/Kleines-Bild-Unternehmen-200x133.png 200w, https:\/\/moneycare.ch\/wp-content\/uploads\/2023\/08\/Kleines-Bild-Unternehmen-400x266.png 400w, https:\/\/moneycare.ch\/wp-content\/uploads\/2023\/08\/Kleines-Bild-Unternehmen-600x400.png 600w, https:\/\/moneycare.ch\/wp-content\/uploads\/2023\/08\/Kleines-Bild-Unternehmen-800x533.png 800w, https:\/\/moneycare.ch\/wp-content\/uploads\/2023\/08\/Kleines-Bild-Unternehmen-1200x799.png 1200w, https:\/\/moneycare.ch\/wp-content\/uploads\/2023\/08\/Kleines-Bild-Unternehmen.png 1471w\" data-sizes=\"auto\" data-orig-sizes=\"(max-width: 778px) 100vw, 600px\" \/><\/span><\/div><\/div><div class=\"fusion-image-element fusion-no-small-visibility fusion-no-large-visibility\" style=\"text-align:center;--awb-aspect-ratio:4 \/ 3;--awb-object-position:52% 56%;--awb-margin-top:0px;--awb-margin-top-medium:0px;--awb-margin-bottom-medium:0px;--awb-max-width:250px;--awb-caption-title-font-family:var(--h2_typography-font-family);--awb-caption-title-font-weight:var(--h2_typography-font-weight);--awb-caption-title-font-style:var(--h2_typography-font-style);--awb-caption-title-size:var(--h2_typography-font-size);--awb-caption-title-transform:var(--h2_typography-text-transform);--awb-caption-title-line-height:var(--h2_typography-line-height);--awb-caption-title-letter-spacing:var(--h2_typography-letter-spacing);\"><div style=\"display:inline-block;width:250px;\"><span class=\" fusion-imageframe imageframe-none imageframe-2 hover-type-none has-aspect-ratio\" style=\"border-radius:12px;\"><img decoding=\"async\" width=\"1471\" height=\"980\" title=\"Kleines Bild Unternehmen\" src=\"https:\/\/moneycare.ch\/wp-content\/uploads\/2023\/08\/Kleines-Bild-Unternehmen.png\" data-orig-src=\"https:\/\/moneycare.ch\/wp-content\/uploads\/2023\/08\/Kleines-Bild-Unternehmen.png\" class=\"lazyload img-responsive wp-image-3945 img-with-aspect-ratio\" data-parent-fit=\"cover\" data-parent-container=\".fusion-image-element\" alt srcset=\"data:image\/svg+xml,%3Csvg%20xmlns%3D%27http%3A%2F%2Fwww.w3.org%2F2000%2Fsvg%27%20width%3D%271471%27%20height%3D%27980%27%20viewBox%3D%270%200%201471%20980%27%3E%3Crect%20width%3D%271471%27%20height%3D%27980%27%20fill-opacity%3D%220%22%2F%3E%3C%2Fsvg%3E\" data-srcset=\"https:\/\/moneycare.ch\/wp-content\/uploads\/2023\/08\/Kleines-Bild-Unternehmen-200x133.png 200w, https:\/\/moneycare.ch\/wp-content\/uploads\/2023\/08\/Kleines-Bild-Unternehmen-400x266.png 400w, https:\/\/moneycare.ch\/wp-content\/uploads\/2023\/08\/Kleines-Bild-Unternehmen-600x400.png 600w, https:\/\/moneycare.ch\/wp-content\/uploads\/2023\/08\/Kleines-Bild-Unternehmen-800x533.png 800w, https:\/\/moneycare.ch\/wp-content\/uploads\/2023\/08\/Kleines-Bild-Unternehmen-1200x799.png 1200w, https:\/\/moneycare.ch\/wp-content\/uploads\/2023\/08\/Kleines-Bild-Unternehmen.png 1471w\" data-sizes=\"auto\" data-orig-sizes=\"(max-width: 778px) 100vw, 600px\" \/><\/span><\/div><\/div><div class=\"fusion-image-element fusion-no-medium-visibility fusion-no-large-visibility\" style=\"text-align:center;--awb-aspect-ratio:1 \/ 1;--awb-object-position:42% 51%;--awb-margin-bottom:0px;--awb-margin-bottom-medium:0px;--awb-caption-title-font-family:var(--h2_typography-font-family);--awb-caption-title-font-weight:var(--h2_typography-font-weight);--awb-caption-title-font-style:var(--h2_typography-font-style);--awb-caption-title-size:var(--h2_typography-font-size);--awb-caption-title-transform:var(--h2_typography-text-transform);--awb-caption-title-line-height:var(--h2_typography-line-height);--awb-caption-title-letter-spacing:var(--h2_typography-letter-spacing);\"><span class=\" fusion-imageframe imageframe-none imageframe-3 hover-type-none has-aspect-ratio\" style=\"border-radius:12px;\"><img decoding=\"async\" width=\"1471\" height=\"980\" title=\"Kleines Bild Unternehmen\" src=\"https:\/\/moneycare.ch\/wp-content\/uploads\/2023\/08\/Kleines-Bild-Unternehmen.png\" data-orig-src=\"https:\/\/moneycare.ch\/wp-content\/uploads\/2023\/08\/Kleines-Bild-Unternehmen.png\" class=\"lazyload img-responsive wp-image-3945 img-with-aspect-ratio\" data-parent-fit=\"cover\" data-parent-container=\".fusion-image-element\" alt srcset=\"data:image\/svg+xml,%3Csvg%20xmlns%3D%27http%3A%2F%2Fwww.w3.org%2F2000%2Fsvg%27%20width%3D%271471%27%20height%3D%27980%27%20viewBox%3D%270%200%201471%20980%27%3E%3Crect%20width%3D%271471%27%20height%3D%27980%27%20fill-opacity%3D%220%22%2F%3E%3C%2Fsvg%3E\" data-srcset=\"https:\/\/moneycare.ch\/wp-content\/uploads\/2023\/08\/Kleines-Bild-Unternehmen-200x133.png 200w, https:\/\/moneycare.ch\/wp-content\/uploads\/2023\/08\/Kleines-Bild-Unternehmen-400x266.png 400w, https:\/\/moneycare.ch\/wp-content\/uploads\/2023\/08\/Kleines-Bild-Unternehmen-600x400.png 600w, https:\/\/moneycare.ch\/wp-content\/uploads\/2023\/08\/Kleines-Bild-Unternehmen-800x533.png 800w, https:\/\/moneycare.ch\/wp-content\/uploads\/2023\/08\/Kleines-Bild-Unternehmen-1200x799.png 1200w, https:\/\/moneycare.ch\/wp-content\/uploads\/2023\/08\/Kleines-Bild-Unternehmen.png 1471w\" data-sizes=\"auto\" data-orig-sizes=\"(max-width: 778px) 100vw, 600px\" \/><\/span><\/div><\/div><\/div><div class=\"fusion-layout-column fusion_builder_column fusion-builder-column-3 fusion_builder_column_1_1 1_1 fusion-flex-column\" style=\"--awb-padding-top:0px;--awb-padding-right:20px;--awb-padding-bottom:20px;--awb-padding-left:20px;--awb-padding-top-medium:0px;--awb-padding-right-medium:20px;--awb-padding-bottom-medium:40px;--awb-padding-left-medium:20px;--awb-padding-top-small:20px;--awb-padding-right-small:20px;--awb-padding-bottom-small:60px;--awb-padding-left-small:20px;--awb-bg-color:rgba(255,255,255,0);--awb-bg-color-hover:rgba(255,255,255,0);--awb-bg-size:cover;--awb-border-color:hsla(var(--awb-color1-h),var(--awb-color1-s),calc( var(--awb-color1-l) - 100% ),calc( var(--awb-color1-a) - 95% ));--awb-border-style:solid;--awb-width-large:100%;--awb-margin-top-large:0px;--awb-spacing-right-large:1.92%;--awb-margin-bottom-large:20px;--awb-spacing-left-large:1.92%;--awb-width-medium:100%;--awb-order-medium:0;--awb-margin-top-medium:0;--awb-spacing-right-medium:1.92%;--awb-spacing-left-medium:1.92%;--awb-width-small:100%;--awb-order-small:0;--awb-margin-top-small:0px;--awb-spacing-right-small:1.92%;--awb-spacing-left-small:1.92%;\" data-scroll-devices=\"small-visibility,medium-visibility,large-visibility\"><div class=\"fusion-column-wrapper fusion-column-has-shadow fusion-flex-justify-content-flex-start fusion-content-layout-column\"><div class=\"fusion-text fusion-text-4\" style=\"--awb-text-color:var(--awb-custom_color_10);\"><p style=\"text-align: justify;\">Gr\u00e2ce \u00e0 l\u2019\u00e9troite collaboration avec nos entreprises de conseil fiscal dans les pays voisins et \u00e0 notre r\u00e9seau dans l\u2019espace de l\u2019UE, nous pouvons \u00e0 tout moment vous renseigner sur des sujets sp\u00e9cialis\u00e9s dans l\u2019ensemble des questions relatives \u00e0 la TVA.<\/p>\n<p style=\"text-align: justify;\">Si vous souhaitez nous poser des questions sur le d\u00e9roulement en rapport avec le d\u00e9douanement des v\u00e9hicules d\u2019entreprise ou le remboursement de la TVA, n\u2019h\u00e9sitez pas \u00e0 nous contacter.<\/p>\n<p style=\"text-align: justify;\">Notre \u00e9quipe de conseillers se tient \u00e0 votre enti\u00e8re disposition pour une premi\u00e8re consultation gratuite.<\/p>\n<\/div><\/div><\/div><\/div><\/div>\n","protected":false},"excerpt":{"rendered":"","protected":false},"author":1,"featured_media":0,"parent":0,"menu_order":0,"comment_status":"closed","ping_status":"closed","template":"100-width.php","meta":{"footnotes":""},"class_list":["post-3964","page","type-page","status-publish","hentry"],"yoast_head":"<!-- This site is optimized with the Yoast SEO plugin v27.3 - https:\/\/yoast.com\/product\/yoast-seo-wordpress\/ -->\n<title>Entreprise - Moneycare AG<\/title>\n<meta name=\"robots\" content=\"index, follow, max-snippet:-1, max-image-preview:large, max-video-preview:-1\" \/>\n<link rel=\"canonical\" href=\"https:\/\/moneycare.ch\/fr\/entreprise\/\" \/>\n<meta property=\"og:locale\" content=\"fr_FR\" \/>\n<meta property=\"og:type\" content=\"article\" \/>\n<meta property=\"og:title\" content=\"Entreprise - Moneycare AG\" \/>\n<meta property=\"og:url\" content=\"https:\/\/moneycare.ch\/fr\/entreprise\/\" \/>\n<meta property=\"og:site_name\" content=\"Moneycare AG\" \/>\n<meta property=\"article:modified_time\" content=\"2024-09-30T11:26:26+00:00\" \/>\n<meta name=\"twitter:card\" content=\"summary_large_image\" \/>\n<meta name=\"twitter:label1\" content=\"Dur\u00e9e de lecture estim\u00e9e\" \/>\n\t<meta name=\"twitter:data1\" content=\"3 minutes\" \/>\n<script type=\"application\/ld+json\" class=\"yoast-schema-graph\">{\"@context\":\"https:\\\/\\\/schema.org\",\"@graph\":[{\"@type\":\"WebPage\",\"@id\":\"https:\\\/\\\/moneycare.ch\\\/fr\\\/entreprise\\\/\",\"url\":\"https:\\\/\\\/moneycare.ch\\\/fr\\\/entreprise\\\/\",\"name\":\"Entreprise - Moneycare AG\",\"isPartOf\":{\"@id\":\"https:\\\/\\\/moneycare.ch\\\/fr\\\/#website\"},\"datePublished\":\"2020-08-20T16:21:25+00:00\",\"dateModified\":\"2024-09-30T11:26:26+00:00\",\"breadcrumb\":{\"@id\":\"https:\\\/\\\/moneycare.ch\\\/fr\\\/entreprise\\\/#breadcrumb\"},\"inLanguage\":\"fr-FR\",\"potentialAction\":[{\"@type\":\"ReadAction\",\"target\":[\"https:\\\/\\\/moneycare.ch\\\/fr\\\/entreprise\\\/\"]}]},{\"@type\":\"BreadcrumbList\",\"@id\":\"https:\\\/\\\/moneycare.ch\\\/fr\\\/entreprise\\\/#breadcrumb\",\"itemListElement\":[{\"@type\":\"ListItem\",\"position\":1,\"name\":\"Home\",\"item\":\"https:\\\/\\\/moneycare.ch\\\/fr\\\/accueil\\\/\"},{\"@type\":\"ListItem\",\"position\":2,\"name\":\"Entreprise\"}]},{\"@type\":\"WebSite\",\"@id\":\"https:\\\/\\\/moneycare.ch\\\/fr\\\/#website\",\"url\":\"https:\\\/\\\/moneycare.ch\\\/fr\\\/\",\"name\":\"Moneycare AG\",\"description\":\"EU-Fahrzeugverzollung, Mehrwertsteuerr\u00fcckerstattung und\\\/oder Mehrwertsteuer-Registrierung f\u00fcr Gesch\u00e4ftsfahrzeuge von Grenzg\u00e4ngern\",\"publisher\":{\"@id\":\"https:\\\/\\\/moneycare.ch\\\/fr\\\/#organization\"},\"potentialAction\":[{\"@type\":\"SearchAction\",\"target\":{\"@type\":\"EntryPoint\",\"urlTemplate\":\"https:\\\/\\\/moneycare.ch\\\/fr\\\/?s={search_term_string}\"},\"query-input\":{\"@type\":\"PropertyValueSpecification\",\"valueRequired\":true,\"valueName\":\"search_term_string\"}}],\"inLanguage\":\"fr-FR\"},{\"@type\":\"Organization\",\"@id\":\"https:\\\/\\\/moneycare.ch\\\/fr\\\/#organization\",\"name\":\"Moneycare AG\",\"url\":\"https:\\\/\\\/moneycare.ch\\\/fr\\\/\",\"logo\":{\"@type\":\"ImageObject\",\"inLanguage\":\"fr-FR\",\"@id\":\"https:\\\/\\\/moneycare.ch\\\/fr\\\/#\\\/schema\\\/logo\\\/image\\\/\",\"url\":\"https:\\\/\\\/moneycare.ch\\\/wp-content\\\/uploads\\\/2023\\\/04\\\/Logo_rechteckig.png\",\"contentUrl\":\"https:\\\/\\\/moneycare.ch\\\/wp-content\\\/uploads\\\/2023\\\/04\\\/Logo_rechteckig.png\",\"width\":2500,\"height\":1500,\"caption\":\"Moneycare AG\"},\"image\":{\"@id\":\"https:\\\/\\\/moneycare.ch\\\/fr\\\/#\\\/schema\\\/logo\\\/image\\\/\"}}]}<\/script>\n<!-- \/ Yoast SEO plugin. -->","yoast_head_json":{"title":"Entreprise - Moneycare AG","robots":{"index":"index","follow":"follow","max-snippet":"max-snippet:-1","max-image-preview":"max-image-preview:large","max-video-preview":"max-video-preview:-1"},"canonical":"https:\/\/moneycare.ch\/fr\/entreprise\/","og_locale":"fr_FR","og_type":"article","og_title":"Entreprise - Moneycare AG","og_url":"https:\/\/moneycare.ch\/fr\/entreprise\/","og_site_name":"Moneycare AG","article_modified_time":"2024-09-30T11:26:26+00:00","twitter_card":"summary_large_image","twitter_misc":{"Dur\u00e9e de lecture estim\u00e9e":"3 minutes"},"schema":{"@context":"https:\/\/schema.org","@graph":[{"@type":"WebPage","@id":"https:\/\/moneycare.ch\/fr\/entreprise\/","url":"https:\/\/moneycare.ch\/fr\/entreprise\/","name":"Entreprise - Moneycare AG","isPartOf":{"@id":"https:\/\/moneycare.ch\/fr\/#website"},"datePublished":"2020-08-20T16:21:25+00:00","dateModified":"2024-09-30T11:26:26+00:00","breadcrumb":{"@id":"https:\/\/moneycare.ch\/fr\/entreprise\/#breadcrumb"},"inLanguage":"fr-FR","potentialAction":[{"@type":"ReadAction","target":["https:\/\/moneycare.ch\/fr\/entreprise\/"]}]},{"@type":"BreadcrumbList","@id":"https:\/\/moneycare.ch\/fr\/entreprise\/#breadcrumb","itemListElement":[{"@type":"ListItem","position":1,"name":"Home","item":"https:\/\/moneycare.ch\/fr\/accueil\/"},{"@type":"ListItem","position":2,"name":"Entreprise"}]},{"@type":"WebSite","@id":"https:\/\/moneycare.ch\/fr\/#website","url":"https:\/\/moneycare.ch\/fr\/","name":"Moneycare AG","description":"EU-Fahrzeugverzollung, Mehrwertsteuerr\u00fcckerstattung und\/oder Mehrwertsteuer-Registrierung f\u00fcr Gesch\u00e4ftsfahrzeuge von Grenzg\u00e4ngern","publisher":{"@id":"https:\/\/moneycare.ch\/fr\/#organization"},"potentialAction":[{"@type":"SearchAction","target":{"@type":"EntryPoint","urlTemplate":"https:\/\/moneycare.ch\/fr\/?s={search_term_string}"},"query-input":{"@type":"PropertyValueSpecification","valueRequired":true,"valueName":"search_term_string"}}],"inLanguage":"fr-FR"},{"@type":"Organization","@id":"https:\/\/moneycare.ch\/fr\/#organization","name":"Moneycare AG","url":"https:\/\/moneycare.ch\/fr\/","logo":{"@type":"ImageObject","inLanguage":"fr-FR","@id":"https:\/\/moneycare.ch\/fr\/#\/schema\/logo\/image\/","url":"https:\/\/moneycare.ch\/wp-content\/uploads\/2023\/04\/Logo_rechteckig.png","contentUrl":"https:\/\/moneycare.ch\/wp-content\/uploads\/2023\/04\/Logo_rechteckig.png","width":2500,"height":1500,"caption":"Moneycare AG"},"image":{"@id":"https:\/\/moneycare.ch\/fr\/#\/schema\/logo\/image\/"}}]}},"_links":{"self":[{"href":"https:\/\/moneycare.ch\/fr\/wp-json\/wp\/v2\/pages\/3964","targetHints":{"allow":["GET"]}}],"collection":[{"href":"https:\/\/moneycare.ch\/fr\/wp-json\/wp\/v2\/pages"}],"about":[{"href":"https:\/\/moneycare.ch\/fr\/wp-json\/wp\/v2\/types\/page"}],"author":[{"embeddable":true,"href":"https:\/\/moneycare.ch\/fr\/wp-json\/wp\/v2\/users\/1"}],"replies":[{"embeddable":true,"href":"https:\/\/moneycare.ch\/fr\/wp-json\/wp\/v2\/comments?post=3964"}],"version-history":[{"count":12,"href":"https:\/\/moneycare.ch\/fr\/wp-json\/wp\/v2\/pages\/3964\/revisions"}],"predecessor-version":[{"id":4693,"href":"https:\/\/moneycare.ch\/fr\/wp-json\/wp\/v2\/pages\/3964\/revisions\/4693"}],"wp:attachment":[{"href":"https:\/\/moneycare.ch\/fr\/wp-json\/wp\/v2\/media?parent=3964"}],"curies":[{"name":"wp","href":"https:\/\/api.w.org\/{rel}","templated":true}]}}