{"id":3985,"date":"2020-08-20T17:52:24","date_gmt":"2020-08-20T15:52:24","guid":{"rendered":"https:\/\/moneycare.ch\/partenaire\/"},"modified":"2023-12-02T20:29:23","modified_gmt":"2023-12-02T19:29:23","slug":"partenaires","status":"publish","type":"page","link":"https:\/\/moneycare.ch\/fr\/partenaires\/","title":{"rendered":"Partenaires"},"content":{"rendered":"<div class=\"fusion-fullwidth fullwidth-box fusion-builder-row-1 fusion-flex-container has-pattern-background has-mask-background nonhundred-percent-fullwidth non-hundred-percent-height-scrolling\" style=\"--link_hover_color: var(--awb-color5);--link_color: var(--awb-color7);--awb-border-radius-top-left:0px;--awb-border-radius-top-right:0px;--awb-border-radius-bottom-right:0px;--awb-border-radius-bottom-left:0px;--awb-padding-bottom:80px;--awb-padding-top-medium:0px;--awb-padding-top-small:0px;--awb-flex-wrap:wrap;\" ><div class=\"fusion-builder-row fusion-row fusion-flex-align-items-flex-start fusion-flex-justify-content-flex-end fusion-flex-content-wrap\" style=\"max-width:1331.2px;margin-left: calc(-4% \/ 2 );margin-right: calc(-4% \/ 2 );\"><div class=\"fusion-layout-column fusion_builder_column fusion-builder-column-0 fusion_builder_column_1_4 1_4 fusion-flex-column fusion-flex-align-self-center\" style=\"--awb-padding-top:30px;--awb-padding-right:40px;--awb-padding-bottom:30px;--awb-padding-left:40px;--awb-overflow:hidden;--awb-bg-color:var(--awb-color1);--awb-bg-color-hover:var(--awb-color1);--awb-bg-size:cover;--awb-box-shadow:0px 0px 72px 10px hsla(var(--awb-color8-h),var(--awb-color8-s),var(--awb-color8-l),calc( var(--awb-color8-a) - 92% ));;--awb-border-color:#00ada4;--awb-border-top:1px;--awb-border-right:1px;--awb-border-bottom:1px;--awb-border-left:1px;--awb-border-style:solid;--awb-border-radius:8px 8px 8px 8px;--awb-width-large:25%;--awb-margin-top-large:20px;--awb-spacing-right-large:20px;--awb-margin-bottom-large:20px;--awb-spacing-left-large:20px;--awb-width-medium:50%;--awb-order-medium:0;--awb-spacing-right-medium:20px;--awb-spacing-left-medium:20px;--awb-width-small:100%;--awb-order-small:0;--awb-spacing-right-small:20px;--awb-margin-bottom-small:10px;--awb-spacing-left-small:20px;\" data-scroll-devices=\"small-visibility,medium-visibility,large-visibility\"><div class=\"fusion-column-wrapper fusion-column-has-shadow fusion-flex-justify-content-center fusion-content-layout-column\"><div class=\"fusion-image-element \" style=\"text-align:center;--awb-caption-title-font-family:var(--h2_typography-font-family);--awb-caption-title-font-weight:var(--h2_typography-font-weight);--awb-caption-title-font-style:var(--h2_typography-font-style);--awb-caption-title-size:var(--h2_typography-font-size);--awb-caption-title-transform:var(--h2_typography-text-transform);--awb-caption-title-line-height:var(--h2_typography-line-height);--awb-caption-title-letter-spacing:var(--h2_typography-letter-spacing);\"><span class=\" fusion-imageframe imageframe-none imageframe-1 hover-type-zoomin\" style=\"border-radius:12px;\"><a class=\"fusion-no-lightbox\" href=\"https:\/\/www.crype.ch\/\" target=\"_blank\" aria-label=\"crype_logo_without_shape_\" rel=\"noopener noreferrer\"><img decoding=\"async\" width=\"1750\" height=\"567\" src=\"https:\/\/moneycare.ch\/wp-content\/uploads\/2023\/07\/crype_logo_without_shape_.png\" data-orig-src=\"https:\/\/moneycare.ch\/wp-content\/uploads\/2023\/07\/crype_logo_without_shape_.png\" alt class=\"lazyload img-responsive wp-image-3932\" srcset=\"data:image\/svg+xml,%3Csvg%20xmlns%3D%27http%3A%2F%2Fwww.w3.org%2F2000%2Fsvg%27%20width%3D%271750%27%20height%3D%27567%27%20viewBox%3D%270%200%201750%20567%27%3E%3Crect%20width%3D%271750%27%20height%3D%27567%27%20fill-opacity%3D%220%22%2F%3E%3C%2Fsvg%3E\" data-srcset=\"https:\/\/moneycare.ch\/wp-content\/uploads\/2023\/07\/crype_logo_without_shape_-200x65.png 200w, https:\/\/moneycare.ch\/wp-content\/uploads\/2023\/07\/crype_logo_without_shape_-400x130.png 400w, https:\/\/moneycare.ch\/wp-content\/uploads\/2023\/07\/crype_logo_without_shape_-600x194.png 600w, https:\/\/moneycare.ch\/wp-content\/uploads\/2023\/07\/crype_logo_without_shape_-800x259.png 800w, https:\/\/moneycare.ch\/wp-content\/uploads\/2023\/07\/crype_logo_without_shape_-1200x389.png 1200w, https:\/\/moneycare.ch\/wp-content\/uploads\/2023\/07\/crype_logo_without_shape_.png 1750w\" data-sizes=\"auto\" data-orig-sizes=\"(max-width: 778px) 100vw, 400px\" \/><\/a><\/span><\/div><\/div><\/div><div class=\"fusion-layout-column fusion_builder_column fusion-builder-column-1 fusion_builder_column_1_4 1_4 fusion-flex-column fusion-flex-align-self-center\" style=\"--awb-padding-top:30px;--awb-padding-right:40px;--awb-padding-bottom:30px;--awb-padding-left:40px;--awb-overflow:hidden;--awb-bg-color:var(--awb-color1);--awb-bg-color-hover:var(--awb-color1);--awb-bg-size:cover;--awb-box-shadow:0px 0px 72px 10px hsla(var(--awb-color8-h),var(--awb-color8-s),var(--awb-color8-l),calc( var(--awb-color8-a) - 92% ));;--awb-border-color:#00ada4;--awb-border-top:1px;--awb-border-right:1px;--awb-border-bottom:1px;--awb-border-left:1px;--awb-border-style:solid;--awb-border-radius:8px 8px 8px 8px;--awb-width-large:25%;--awb-margin-top-large:20px;--awb-spacing-right-large:20px;--awb-margin-bottom-large:20px;--awb-spacing-left-large:20px;--awb-width-medium:50%;--awb-order-medium:0;--awb-spacing-right-medium:20px;--awb-spacing-left-medium:20px;--awb-width-small:100%;--awb-order-small:0;--awb-spacing-right-small:20px;--awb-margin-bottom-small:10px;--awb-spacing-left-small:20px;\" data-scroll-devices=\"small-visibility,medium-visibility,large-visibility\"><div class=\"fusion-column-wrapper fusion-column-has-shadow fusion-flex-justify-content-center fusion-content-layout-column\"><div class=\"fusion-image-element \" style=\"text-align:center;--awb-caption-title-font-family:var(--h2_typography-font-family);--awb-caption-title-font-weight:var(--h2_typography-font-weight);--awb-caption-title-font-style:var(--h2_typography-font-style);--awb-caption-title-size:var(--h2_typography-font-size);--awb-caption-title-transform:var(--h2_typography-text-transform);--awb-caption-title-line-height:var(--h2_typography-line-height);--awb-caption-title-letter-spacing:var(--h2_typography-letter-spacing);\"><span class=\" fusion-imageframe imageframe-none imageframe-2 hover-type-zoomin\" style=\"border-radius:12px;\"><a class=\"fusion-no-lightbox\" href=\"https:\/\/www.sar.ch\/\" target=\"_blank\" aria-label=\"sar-transporte-logo\" rel=\"noopener noreferrer\"><img decoding=\"async\" width=\"300\" height=\"100\" src=\"https:\/\/moneycare.ch\/wp-content\/uploads\/2023\/04\/sar-transporte-logo.png\" data-orig-src=\"https:\/\/moneycare.ch\/wp-content\/uploads\/2023\/04\/sar-transporte-logo.png\" alt class=\"lazyload img-responsive wp-image-3914\" srcset=\"data:image\/svg+xml,%3Csvg%20xmlns%3D%27http%3A%2F%2Fwww.w3.org%2F2000%2Fsvg%27%20width%3D%27300%27%20height%3D%27100%27%20viewBox%3D%270%200%20300%20100%27%3E%3Crect%20width%3D%27300%27%20height%3D%27100%27%20fill-opacity%3D%220%22%2F%3E%3C%2Fsvg%3E\" data-srcset=\"https:\/\/moneycare.ch\/wp-content\/uploads\/2023\/04\/sar-transporte-logo-200x67.png 200w, https:\/\/moneycare.ch\/wp-content\/uploads\/2023\/04\/sar-transporte-logo.png 300w\" data-sizes=\"auto\" data-orig-sizes=\"(max-width: 778px) 100vw, 300px\" \/><\/a><\/span><\/div><\/div><\/div><div class=\"fusion-layout-column fusion_builder_column fusion-builder-column-2 fusion_builder_column_1_4 1_4 fusion-flex-column fusion-flex-align-self-center\" style=\"--awb-padding-top:30px;--awb-padding-right:40px;--awb-padding-bottom:30px;--awb-padding-left:40px;--awb-overflow:hidden;--awb-bg-color:var(--awb-color1);--awb-bg-color-hover:var(--awb-color1);--awb-bg-size:cover;--awb-box-shadow:0px 0px 72px 10px hsla(var(--awb-color8-h),var(--awb-color8-s),var(--awb-color8-l),calc( var(--awb-color8-a) - 92% ));;--awb-border-color:#00ada4;--awb-border-top:1px;--awb-border-right:1px;--awb-border-bottom:1px;--awb-border-left:1px;--awb-border-style:solid;--awb-border-radius:8px 8px 8px 8px;--awb-width-large:25%;--awb-margin-top-large:20px;--awb-spacing-right-large:20px;--awb-margin-bottom-large:20px;--awb-spacing-left-large:20px;--awb-width-medium:50%;--awb-order-medium:0;--awb-spacing-right-medium:20px;--awb-spacing-left-medium:20px;--awb-width-small:100%;--awb-order-small:0;--awb-spacing-right-small:20px;--awb-margin-bottom-small:10px;--awb-spacing-left-small:20px;\" data-scroll-devices=\"small-visibility,medium-visibility,large-visibility\"><div class=\"fusion-column-wrapper fusion-column-has-shadow fusion-flex-justify-content-center fusion-content-layout-column\"><div class=\"fusion-image-element \" style=\"text-align:center;--awb-caption-title-font-family:var(--h2_typography-font-family);--awb-caption-title-font-weight:var(--h2_typography-font-weight);--awb-caption-title-font-style:var(--h2_typography-font-style);--awb-caption-title-size:var(--h2_typography-font-size);--awb-caption-title-transform:var(--h2_typography-text-transform);--awb-caption-title-line-height:var(--h2_typography-line-height);--awb-caption-title-letter-spacing:var(--h2_typography-letter-spacing);\"><span class=\" fusion-imageframe imageframe-none imageframe-3 hover-type-zoomin\" style=\"border-radius:12px;\"><a class=\"fusion-no-lightbox\" href=\"https:\/\/www.clg.ch\/\" target=\"_blank\" aria-label=\"clg-logo\" rel=\"noopener noreferrer\"><img decoding=\"async\" width=\"300\" height=\"100\" src=\"https:\/\/moneycare.ch\/wp-content\/uploads\/2023\/04\/clg-logo.png\" data-orig-src=\"https:\/\/moneycare.ch\/wp-content\/uploads\/2023\/04\/clg-logo.png\" alt class=\"lazyload img-responsive wp-image-3912\" srcset=\"data:image\/svg+xml,%3Csvg%20xmlns%3D%27http%3A%2F%2Fwww.w3.org%2F2000%2Fsvg%27%20width%3D%27300%27%20height%3D%27100%27%20viewBox%3D%270%200%20300%20100%27%3E%3Crect%20width%3D%27300%27%20height%3D%27100%27%20fill-opacity%3D%220%22%2F%3E%3C%2Fsvg%3E\" data-srcset=\"https:\/\/moneycare.ch\/wp-content\/uploads\/2023\/04\/clg-logo-200x67.png 200w, https:\/\/moneycare.ch\/wp-content\/uploads\/2023\/04\/clg-logo.png 300w\" data-sizes=\"auto\" data-orig-sizes=\"(max-width: 778px) 100vw, 300px\" \/><\/a><\/span><\/div><\/div><\/div><div class=\"fusion-layout-column fusion_builder_column fusion-builder-column-3 fusion_builder_column_1_4 1_4 fusion-flex-column fusion-flex-align-self-center\" style=\"--awb-padding-top:30px;--awb-padding-right:40px;--awb-padding-bottom:30px;--awb-padding-left:40px;--awb-overflow:hidden;--awb-bg-color:var(--awb-color1);--awb-bg-color-hover:var(--awb-color1);--awb-bg-size:cover;--awb-box-shadow:0px 0px 72px 10px hsla(var(--awb-color8-h),var(--awb-color8-s),var(--awb-color8-l),calc( var(--awb-color8-a) - 92% ));;--awb-border-color:#00ada4;--awb-border-top:1px;--awb-border-right:1px;--awb-border-bottom:1px;--awb-border-left:1px;--awb-border-style:solid;--awb-border-radius:8px 8px 8px 8px;--awb-width-large:25%;--awb-margin-top-large:20px;--awb-spacing-right-large:20px;--awb-margin-bottom-large:20px;--awb-spacing-left-large:20px;--awb-width-medium:50%;--awb-order-medium:0;--awb-spacing-right-medium:20px;--awb-spacing-left-medium:20px;--awb-width-small:100%;--awb-order-small:0;--awb-spacing-right-small:20px;--awb-margin-bottom-small:10px;--awb-spacing-left-small:20px;\" data-scroll-devices=\"small-visibility,medium-visibility,large-visibility\"><div class=\"fusion-column-wrapper fusion-column-has-shadow fusion-flex-justify-content-center fusion-content-layout-column\"><div class=\"fusion-image-element \" style=\"text-align:center;--awb-caption-title-font-family:var(--h2_typography-font-family);--awb-caption-title-font-weight:var(--h2_typography-font-weight);--awb-caption-title-font-style:var(--h2_typography-font-style);--awb-caption-title-size:var(--h2_typography-font-size);--awb-caption-title-transform:var(--h2_typography-text-transform);--awb-caption-title-line-height:var(--h2_typography-line-height);--awb-caption-title-letter-spacing:var(--h2_typography-letter-spacing);\"><span class=\" fusion-imageframe imageframe-none imageframe-4 hover-type-zoomin\" style=\"border-radius:12px;\"><a class=\"fusion-no-lightbox\" href=\"https:\/\/www.suter-unternehmensberatung.ch\/\" target=\"_blank\" aria-label=\"suter-unternehmensberatung-logo\" rel=\"noopener noreferrer\"><img decoding=\"async\" width=\"300\" height=\"100\" src=\"https:\/\/moneycare.ch\/wp-content\/uploads\/2023\/04\/suter-unternehmensberatung-logo.png\" data-orig-src=\"https:\/\/moneycare.ch\/wp-content\/uploads\/2023\/04\/suter-unternehmensberatung-logo.png\" alt class=\"lazyload img-responsive wp-image-3915\" srcset=\"data:image\/svg+xml,%3Csvg%20xmlns%3D%27http%3A%2F%2Fwww.w3.org%2F2000%2Fsvg%27%20width%3D%27300%27%20height%3D%27100%27%20viewBox%3D%270%200%20300%20100%27%3E%3Crect%20width%3D%27300%27%20height%3D%27100%27%20fill-opacity%3D%220%22%2F%3E%3C%2Fsvg%3E\" data-srcset=\"https:\/\/moneycare.ch\/wp-content\/uploads\/2023\/04\/suter-unternehmensberatung-logo-200x67.png 200w, https:\/\/moneycare.ch\/wp-content\/uploads\/2023\/04\/suter-unternehmensberatung-logo.png 300w\" data-sizes=\"auto\" data-orig-sizes=\"(max-width: 778px) 100vw, 300px\" \/><\/a><\/span><\/div><\/div><\/div><\/div><\/div>\n","protected":false},"excerpt":{"rendered":"","protected":false},"author":1,"featured_media":0,"parent":0,"menu_order":0,"comment_status":"closed","ping_status":"closed","template":"100-width.php","meta":{"footnotes":""},"class_list":["post-3985","page","type-page","status-publish","hentry"],"yoast_head":"<!-- This site is optimized with the Yoast SEO plugin v27.3 - https:\/\/yoast.com\/product\/yoast-seo-wordpress\/ -->\n<title>Partenaires - Moneycare AG<\/title>\n<meta name=\"robots\" content=\"index, follow, max-snippet:-1, max-image-preview:large, max-video-preview:-1\" \/>\n<link rel=\"canonical\" href=\"https:\/\/moneycare.ch\/fr\/partenaires\/\" \/>\n<meta property=\"og:locale\" content=\"fr_FR\" \/>\n<meta property=\"og:type\" content=\"article\" \/>\n<meta property=\"og:title\" content=\"Partenaires - Moneycare AG\" \/>\n<meta property=\"og:url\" content=\"https:\/\/moneycare.ch\/fr\/partenaires\/\" \/>\n<meta property=\"og:site_name\" content=\"Moneycare AG\" \/>\n<meta property=\"article:modified_time\" content=\"2023-12-02T19:29:23+00:00\" \/>\n<meta name=\"twitter:card\" content=\"summary_large_image\" \/>\n<meta name=\"twitter:label1\" content=\"Dur\u00e9e de lecture estim\u00e9e\" \/>\n\t<meta name=\"twitter:data1\" content=\"8 minutes\" \/>\n<script type=\"application\/ld+json\" class=\"yoast-schema-graph\">{\"@context\":\"https:\\\/\\\/schema.org\",\"@graph\":[{\"@type\":\"WebPage\",\"@id\":\"https:\\\/\\\/moneycare.ch\\\/fr\\\/partenaires\\\/\",\"url\":\"https:\\\/\\\/moneycare.ch\\\/fr\\\/partenaires\\\/\",\"name\":\"Partenaires - Moneycare AG\",\"isPartOf\":{\"@id\":\"https:\\\/\\\/moneycare.ch\\\/fr\\\/#website\"},\"datePublished\":\"2020-08-20T15:52:24+00:00\",\"dateModified\":\"2023-12-02T19:29:23+00:00\",\"breadcrumb\":{\"@id\":\"https:\\\/\\\/moneycare.ch\\\/fr\\\/partenaires\\\/#breadcrumb\"},\"inLanguage\":\"fr-FR\",\"potentialAction\":[{\"@type\":\"ReadAction\",\"target\":[\"https:\\\/\\\/moneycare.ch\\\/fr\\\/partenaires\\\/\"]}]},{\"@type\":\"BreadcrumbList\",\"@id\":\"https:\\\/\\\/moneycare.ch\\\/fr\\\/partenaires\\\/#breadcrumb\",\"itemListElement\":[{\"@type\":\"ListItem\",\"position\":1,\"name\":\"Home\",\"item\":\"https:\\\/\\\/moneycare.ch\\\/fr\\\/accueil\\\/\"},{\"@type\":\"ListItem\",\"position\":2,\"name\":\"Partenaires\"}]},{\"@type\":\"WebSite\",\"@id\":\"https:\\\/\\\/moneycare.ch\\\/fr\\\/#website\",\"url\":\"https:\\\/\\\/moneycare.ch\\\/fr\\\/\",\"name\":\"Moneycare AG\",\"description\":\"EU-Fahrzeugverzollung, Mehrwertsteuerr\u00fcckerstattung und\\\/oder Mehrwertsteuer-Registrierung f\u00fcr Gesch\u00e4ftsfahrzeuge von Grenzg\u00e4ngern\",\"publisher\":{\"@id\":\"https:\\\/\\\/moneycare.ch\\\/fr\\\/#organization\"},\"potentialAction\":[{\"@type\":\"SearchAction\",\"target\":{\"@type\":\"EntryPoint\",\"urlTemplate\":\"https:\\\/\\\/moneycare.ch\\\/fr\\\/?s={search_term_string}\"},\"query-input\":{\"@type\":\"PropertyValueSpecification\",\"valueRequired\":true,\"valueName\":\"search_term_string\"}}],\"inLanguage\":\"fr-FR\"},{\"@type\":\"Organization\",\"@id\":\"https:\\\/\\\/moneycare.ch\\\/fr\\\/#organization\",\"name\":\"Moneycare AG\",\"url\":\"https:\\\/\\\/moneycare.ch\\\/fr\\\/\",\"logo\":{\"@type\":\"ImageObject\",\"inLanguage\":\"fr-FR\",\"@id\":\"https:\\\/\\\/moneycare.ch\\\/fr\\\/#\\\/schema\\\/logo\\\/image\\\/\",\"url\":\"https:\\\/\\\/moneycare.ch\\\/wp-content\\\/uploads\\\/2023\\\/04\\\/Logo_rechteckig.png\",\"contentUrl\":\"https:\\\/\\\/moneycare.ch\\\/wp-content\\\/uploads\\\/2023\\\/04\\\/Logo_rechteckig.png\",\"width\":2500,\"height\":1500,\"caption\":\"Moneycare AG\"},\"image\":{\"@id\":\"https:\\\/\\\/moneycare.ch\\\/fr\\\/#\\\/schema\\\/logo\\\/image\\\/\"}}]}<\/script>\n<!-- \/ Yoast SEO plugin. -->","yoast_head_json":{"title":"Partenaires - Moneycare AG","robots":{"index":"index","follow":"follow","max-snippet":"max-snippet:-1","max-image-preview":"max-image-preview:large","max-video-preview":"max-video-preview:-1"},"canonical":"https:\/\/moneycare.ch\/fr\/partenaires\/","og_locale":"fr_FR","og_type":"article","og_title":"Partenaires - Moneycare AG","og_url":"https:\/\/moneycare.ch\/fr\/partenaires\/","og_site_name":"Moneycare AG","article_modified_time":"2023-12-02T19:29:23+00:00","twitter_card":"summary_large_image","twitter_misc":{"Dur\u00e9e de lecture estim\u00e9e":"8 minutes"},"schema":{"@context":"https:\/\/schema.org","@graph":[{"@type":"WebPage","@id":"https:\/\/moneycare.ch\/fr\/partenaires\/","url":"https:\/\/moneycare.ch\/fr\/partenaires\/","name":"Partenaires - Moneycare AG","isPartOf":{"@id":"https:\/\/moneycare.ch\/fr\/#website"},"datePublished":"2020-08-20T15:52:24+00:00","dateModified":"2023-12-02T19:29:23+00:00","breadcrumb":{"@id":"https:\/\/moneycare.ch\/fr\/partenaires\/#breadcrumb"},"inLanguage":"fr-FR","potentialAction":[{"@type":"ReadAction","target":["https:\/\/moneycare.ch\/fr\/partenaires\/"]}]},{"@type":"BreadcrumbList","@id":"https:\/\/moneycare.ch\/fr\/partenaires\/#breadcrumb","itemListElement":[{"@type":"ListItem","position":1,"name":"Home","item":"https:\/\/moneycare.ch\/fr\/accueil\/"},{"@type":"ListItem","position":2,"name":"Partenaires"}]},{"@type":"WebSite","@id":"https:\/\/moneycare.ch\/fr\/#website","url":"https:\/\/moneycare.ch\/fr\/","name":"Moneycare AG","description":"EU-Fahrzeugverzollung, Mehrwertsteuerr\u00fcckerstattung und\/oder Mehrwertsteuer-Registrierung f\u00fcr Gesch\u00e4ftsfahrzeuge von Grenzg\u00e4ngern","publisher":{"@id":"https:\/\/moneycare.ch\/fr\/#organization"},"potentialAction":[{"@type":"SearchAction","target":{"@type":"EntryPoint","urlTemplate":"https:\/\/moneycare.ch\/fr\/?s={search_term_string}"},"query-input":{"@type":"PropertyValueSpecification","valueRequired":true,"valueName":"search_term_string"}}],"inLanguage":"fr-FR"},{"@type":"Organization","@id":"https:\/\/moneycare.ch\/fr\/#organization","name":"Moneycare AG","url":"https:\/\/moneycare.ch\/fr\/","logo":{"@type":"ImageObject","inLanguage":"fr-FR","@id":"https:\/\/moneycare.ch\/fr\/#\/schema\/logo\/image\/","url":"https:\/\/moneycare.ch\/wp-content\/uploads\/2023\/04\/Logo_rechteckig.png","contentUrl":"https:\/\/moneycare.ch\/wp-content\/uploads\/2023\/04\/Logo_rechteckig.png","width":2500,"height":1500,"caption":"Moneycare AG"},"image":{"@id":"https:\/\/moneycare.ch\/fr\/#\/schema\/logo\/image\/"}}]}},"_links":{"self":[{"href":"https:\/\/moneycare.ch\/fr\/wp-json\/wp\/v2\/pages\/3985","targetHints":{"allow":["GET"]}}],"collection":[{"href":"https:\/\/moneycare.ch\/fr\/wp-json\/wp\/v2\/pages"}],"about":[{"href":"https:\/\/moneycare.ch\/fr\/wp-json\/wp\/v2\/types\/page"}],"author":[{"embeddable":true,"href":"https:\/\/moneycare.ch\/fr\/wp-json\/wp\/v2\/users\/1"}],"replies":[{"embeddable":true,"href":"https:\/\/moneycare.ch\/fr\/wp-json\/wp\/v2\/comments?post=3985"}],"version-history":[{"count":3,"href":"https:\/\/moneycare.ch\/fr\/wp-json\/wp\/v2\/pages\/3985\/revisions"}],"predecessor-version":[{"id":4224,"href":"https:\/\/moneycare.ch\/fr\/wp-json\/wp\/v2\/pages\/3985\/revisions\/4224"}],"wp:attachment":[{"href":"https:\/\/moneycare.ch\/fr\/wp-json\/wp\/v2\/media?parent=3985"}],"curies":[{"name":"wp","href":"https:\/\/api.w.org\/{rel}","templated":true}]}}